{"id":3914,"date":"2021-06-16T18:27:07","date_gmt":"2021-06-16T15:27:07","guid":{"rendered":"http:\/\/dentsuadiye.com\/?page_id=3914"},"modified":"2022-12-17T14:49:35","modified_gmt":"2022-12-17T11:49:35","slug":"mediaroom","status":"publish","type":"page","link":"https:\/\/www.dentsuadiye.com\/en\/mediaroom\/","title":{"rendered":"Mediaroom"},"content":{"rendered":"<p>[vc_row rsclass=&#8221;clean&#8221; el_class=&#8221;section mt-8&#8243;][vc_column rsclass=&#8221;clean&#8221; el_class=&#8221;container&#8221; rsinner=&#8221;banner-call&#8221;][vc_custom_heading text=&#8221;Videos&#8221; use_theme_fonts=&#8221;yes&#8221; rs_decor_place=&#8221;2&#8243;][\/vc_custom_heading][vc_empty_space height=&#8221;35px&#8221;][vc_row_inner][vc_column_inner width=&#8221;1\/3&#8243;][vc_single_image image=&#8221;1736&#8243; img_size=&#8221;medium&#8221; alignment=&#8221;center&#8221; onclick=&#8221;custom_link&#8221; link=&#8221;\/medya\/klinik-videolari\/&#8221;][\/vc_single_image][vc_empty_space height=&#8221;35px&#8221;][vc_custom_heading text=&#8221;Videos of Our Clinic&#8221; font_container=&#8221;tag:h5|text_align:center&#8221; use_theme_fonts=&#8221;yes&#8221; rs_decor_place=&#8221;2&#8243; link=&#8221;url:%2Fmedya%2Fklinik-videolari%2F|title:Klinik%20Videolar%C4%B1&#8243;][\/vc_custom_heading][vc_column_text]<\/p>\n<p style=\"text-align: center;\">All our efforts and processes focus on making our patients&#8217; experience in Dent Suadiye pleasant. Would you like to experience our pleasant atmosphere?&#8230;<\/p>\n<p>[\/vc_column_text][\/vc_column_inner][vc_column_inner width=&#8221;1\/3&#8243;][vc_single_image image=&#8221;5529&#8243; img_size=&#8221;medium&#8221; alignment=&#8221;center&#8221; onclick=&#8221;custom_link&#8221; link=&#8221;\/medya\/gulumseme-tasarimlari\/&#8221;][\/vc_single_image][vc_empty_space height=&#8221;35px&#8221;][vc_custom_heading text=&#8221;Smile Designs&#8221; font_container=&#8221;tag:h5|text_align:center&#8221; use_theme_fonts=&#8221;yes&#8221; rs_decor_place=&#8221;2&#8243; link=&#8221;url:%2Fmedya%2Fgulumseme-tasarimlari%2F|title:G%C3%BCl%C3%BCmseme%20Tasar%C4%B1mlar%C4%B1&#8243;][\/vc_custom_heading][vc_column_text]With smile design procedure, you could have the smile in your dream. You may watch our videos about smile design treatment&#8230;[\/vc_column_text][\/vc_column_inner][vc_column_inner width=&#8221;1\/3&#8243;][vc_single_image image=&#8221;5585&#8243; img_size=&#8221;medium&#8221; alignment=&#8221;center&#8221; onclick=&#8221;custom_link&#8221; link=&#8221;\/medya\/show-tv-kendine-iyi-bak-tv\/&#8221;][\/vc_single_image][vc_empty_space height=&#8221;35px&#8221;][vc_custom_heading text=&#8221;TV Broadcasts of Dr. \u0130lker Arslan&#8221; font_container=&#8221;tag:h5|text_align:center&#8221; use_theme_fonts=&#8221;yes&#8221; rs_decor_place=&#8221;2&#8243; link=&#8221;url:%2Fmedya%2Fshow-tv-kendine-iyi-bak-tv%2F|title:Show%20TV%20Kendine%20%C4%B0yi%20Bak%20TV&#8221;][\/vc_custom_heading][vc_column_text]<\/p>\n<p style=\"text-align: center;\">You may watch videos about serial TV broadcasts (Take Care of Yourself) of Prosthodondist Dr. \u0130lker Arslan moderated by successful anchorwoman Ebru Akel, published on Turkey&#8217;s one of the most popular TV channels Show TV&#8230;<\/p>\n<p>[\/vc_column_text][\/vc_column_inner][\/vc_row_inner][vc_empty_space][vc_separator style=&#8221;dashed&#8221;][\/vc_column][\/vc_row][vc_row rsclass=&#8221;clean&#8221; el_class=&#8221;section mt-8&#8243;][vc_column rsclass=&#8221;clean&#8221; el_class=&#8221;container&#8221; rsinner=&#8221;banner-call&#8221;][vc_custom_heading text=&#8221;Dent Suadiye in Press&#8221; use_theme_fonts=&#8221;yes&#8221; rs_decor_place=&#8221;2&#8243;][\/vc_custom_heading][vc_empty_space height=&#8221;35px&#8221;][vc_row_inner][vc_column_inner width=&#8221;1\/3&#8243;][vc_single_image image=&#8221;1475&#8243; img_size=&#8221;medium&#8221; alignment=&#8221;center&#8221; onclick=&#8221;custom_link&#8221; link=&#8221;\/dislerinizi-fircalamadan-once-bir-dusunun\/&#8221;][\/vc_single_image][vc_empty_space height=&#8221;25px&#8221;][vc_custom_heading text=&#8221;Think Before Brushing Your Teeth&#8221; font_container=&#8221;tag:h5|text_align:center&#8221; use_theme_fonts=&#8221;yes&#8221; rs_decor_place=&#8221;2&#8243; link=&#8221;url:%2Fdislerinizi-fircalamadan-once-bir-dusunun%2F|title:Di%C5%9Flerinizi%20F%C4%B1r%C3%A7alamadan%20%C3%96nce%20Bir%20D%C3%BC%C5%9F%C3%BCn%C3%BCn&#8221;][\/vc_custom_heading][\/vc_column_inner][vc_column_inner width=&#8221;1\/3&#8243;][vc_single_image image=&#8221;1474&#8243; img_size=&#8221;medium&#8221; alignment=&#8221;center&#8221; onclick=&#8221;custom_link&#8221; link=&#8221;\/dogum-kontrol-haplari-disleri-etkiliyor\/&#8221;][\/vc_single_image][vc_empty_space height=&#8221;15px&#8221;][vc_custom_heading text=&#8221;Birth Control Pills Could Affect Oral and Dental Health&#8221; font_container=&#8221;tag:h5|text_align:center&#8221; use_theme_fonts=&#8221;yes&#8221; rs_decor_place=&#8221;2&#8243; link=&#8221;url:%2Fdogum-kontrol-haplari-disleri-etkiliyor%2F|title:Di%C5%9Flerinizi%20F%C4%B1r%C3%A7alamadan%20%C3%96nce%20Bir%20D%C3%BC%C5%9F%C3%BCn%C3%BCn&#8221;][\/vc_custom_heading][\/vc_column_inner][vc_column_inner width=&#8221;1\/3&#8243;][vc_single_image image=&#8221;1473&#8243; img_size=&#8221;medium&#8221; alignment=&#8221;center&#8221; onclick=&#8221;custom_link&#8221; link=&#8221;\/antibiyotiklerin-zararina-yenisi-eklendi\/&#8221;][\/vc_single_image][vc_empty_space height=&#8221;15px&#8221;][vc_custom_heading text=&#8221;A New Addition to Harmful Effects of Antibiotics&#8221; font_container=&#8221;tag:h5|text_align:center&#8221; use_theme_fonts=&#8221;yes&#8221; rs_decor_place=&#8221;2&#8243; link=&#8221;url:%2Fantibiyotiklerin-zararina-yenisi-eklendi%2F|title:Di%C5%9Flerinizi%20F%C4%B1r%C3%A7alamadan%20%C3%96nce%20Bir%20D%C3%BC%C5%9F%C3%BCn%C3%BCn&#8221;][\/vc_custom_heading][\/vc_column_inner][\/vc_row_inner][vc_row_inner][vc_column_inner][vc_empty_space][vc_separator style=&#8221;dashed&#8221;][vc_empty_space][\/vc_column_inner][\/vc_row_inner][vc_row_inner][vc_column_inner width=&#8221;1\/3&#8243;][vc_single_image image=&#8221;1564&#8243; img_size=&#8221;medium&#8221; alignment=&#8221;center&#8221; onclick=&#8221;custom_link&#8221; link=&#8221;\/bu-hatalar-gulumsemeyi-engelliyor\/&#8221;][\/vc_single_image][vc_empty_space height=&#8221;15px&#8221;][vc_custom_heading text=&#8221;These Mistakes Prevent Smiling&#8221; font_container=&#8221;tag:h5|text_align:center&#8221; use_theme_fonts=&#8221;yes&#8221; rs_decor_place=&#8221;2&#8243; link=&#8221;url:%2Fbu-hatalar-gulumsemeyi-engelliyor%2F|title:Di%C5%9Flerinizi%20F%C4%B1r%C3%A7alamadan%20%C3%96nce%20Bir%20D%C3%BC%C5%9F%C3%BCn%C3%BCn&#8221;][\/vc_custom_heading][\/vc_column_inner][vc_column_inner width=&#8221;1\/3&#8243;][vc_single_image image=&#8221;1571&#8243; img_size=&#8221;medium&#8221; alignment=&#8221;center&#8221; onclick=&#8221;custom_link&#8221; link=&#8221;\/esmer-tenlilerde-dis-eti-rengine-dikkat\/&#8221;][\/vc_single_image][vc_empty_space height=&#8221;15px&#8221;][vc_custom_heading text=&#8221;Attention to Gum Colour of Dark Skinned People&#8221; font_container=&#8221;tag:h5|text_align:center&#8221; use_theme_fonts=&#8221;yes&#8221; rs_decor_place=&#8221;2&#8243; link=&#8221;url:%2Fesmer-tenlilerde-dis-eti-rengine-dikkat%2F|title:Di%C5%9Flerinizi%20F%C4%B1r%C3%A7alamadan%20%C3%96nce%20Bir%20D%C3%BC%C5%9F%C3%BCn%C3%BCn&#8221;][\/vc_custom_heading][\/vc_column_inner][vc_column_inner width=&#8221;1\/3&#8243;][vc_single_image image=&#8221;1566&#8243; img_size=&#8221;medium&#8221; alignment=&#8221;center&#8221; onclick=&#8221;custom_link&#8221; link=&#8221;\/disleriniz-sararsin-istemiyorsaniz\/&#8221;][\/vc_single_image][vc_empty_space height=&#8221;15px&#8221;][vc_custom_heading text=&#8221;If You Don&#8217;t Want Your Teeth Appearing Yellow&#8221; font_container=&#8221;tag:h5|text_align:center&#8221; use_theme_fonts=&#8221;yes&#8221; rs_decor_place=&#8221;2&#8243; link=&#8221;url:%2Fdisleriniz-sararsin-istemiyorsaniz%2F|title:Di%C5%9Flerinizi%20F%C4%B1r%C3%A7alamadan%20%C3%96nce%20Bir%20D%C3%BC%C5%9F%C3%BCn%C3%BCn&#8221;][\/vc_custom_heading][\/vc_column_inner][\/vc_row_inner][vc_row_inner][vc_column_inner][vc_empty_space][vc_separator style=&#8221;dashed&#8221;][vc_empty_space][\/vc_column_inner][\/vc_row_inner][vc_row_inner][vc_column_inner width=&#8221;1\/3&#8243;][vc_single_image image=&#8221;1571&#8243; img_size=&#8221;medium&#8221; alignment=&#8221;center&#8221; onclick=&#8221;custom_link&#8221; link=&#8221;\/dis-boyu-kisaligindan-kurtulmak-mumkun\/&#8221;][\/vc_single_image][vc_empty_space height=&#8221;15px&#8221;][vc_custom_heading text=&#8221;How to Fix Short Teeth&#8221; font_container=&#8221;tag:h5|text_align:center&#8221; use_theme_fonts=&#8221;yes&#8221; rs_decor_place=&#8221;2&#8243; link=&#8221;url:%2Fdis-boyu-kisaligindan-kurtulmak-mumkun%2F|title:Di%C5%9Flerinizi%20F%C4%B1r%C3%A7alamadan%20%C3%96nce%20Bir%20D%C3%BC%C5%9F%C3%BCn%C3%BCn&#8221;][\/vc_custom_heading][\/vc_column_inner][vc_column_inner width=&#8221;1\/3&#8243;][vc_single_image image=&#8221;1565&#8243; img_size=&#8221;medium&#8221; alignment=&#8221;center&#8221; onclick=&#8221;custom_link&#8221; link=&#8221;\/curuk-dis-karacigere-zarar-veriyor\/&#8221;][\/vc_single_image][vc_empty_space height=&#8221;15px&#8221;][vc_custom_heading text=&#8221;Tooth Decay Damages The Liver&#8221; font_container=&#8221;tag:h5|text_align:center&#8221; use_theme_fonts=&#8221;yes&#8221; rs_decor_place=&#8221;2&#8243; link=&#8221;url:%2Fcuruk-dis-karacigere-zarar-veriyor%2F|title:Di%C5%9Flerinizi%20F%C4%B1r%C3%A7alamadan%20%C3%96nce%20Bir%20D%C3%BC%C5%9F%C3%BCn%C3%BCn&#8221;][\/vc_custom_heading][\/vc_column_inner][vc_column_inner width=&#8221;1\/3&#8243;][vc_single_image image=&#8221;1564&#8243; img_size=&#8221;medium&#8221; alignment=&#8221;center&#8221; onclick=&#8221;custom_link&#8221; link=&#8221;\/menopoz-doneminde-dis-sagligi-tehlikede\/&#8221;][\/vc_single_image][vc_empty_space height=&#8221;15px&#8221;][vc_custom_heading text=&#8221;Oral and Dental Health is in Danger During Menopause&#8221; font_container=&#8221;tag:h5|text_align:center&#8221; use_theme_fonts=&#8221;yes&#8221; rs_decor_place=&#8221;2&#8243; link=&#8221;url:%2Fmenopoz-doneminde-dis-sagligi-tehlikede%2F|title:Di%C5%9Flerinizi%20F%C4%B1r%C3%A7alamadan%20%C3%96nce%20Bir%20D%C3%BC%C5%9F%C3%BCn%C3%BCn&#8221;][\/vc_custom_heading][\/vc_column_inner][\/vc_row_inner][vc_row_inner][vc_column_inner][vc_empty_space][vc_separator style=&#8221;dashed&#8221;][vc_empty_space][\/vc_column_inner][\/vc_row_inner][vc_row_inner][vc_column_inner width=&#8221;1\/3&#8243;][vc_single_image image=&#8221;1564&#8243; img_size=&#8221;medium&#8221; alignment=&#8221;center&#8221;][\/vc_single_image][vc_empty_space height=&#8221;15px&#8221;][vc_custom_heading text=&#8221;Strengthen Your Kids&#8217; Teeth&#8221; font_container=&#8221;tag:h5|text_align:center&#8221; use_theme_fonts=&#8221;yes&#8221; rs_decor_place=&#8221;2&#8243; link=&#8221;url:%2Fcocuklarinizin-dislerini-guclendirin%2F|title:Di%C5%9Flerinizi%20F%C4%B1r%C3%A7alamadan%20%C3%96nce%20Bir%20D%C3%BC%C5%9F%C3%BCn%C3%BCn&#8221;][\/vc_custom_heading][\/vc_column_inner][vc_column_inner width=&#8221;1\/3&#8243;][vc_single_image image=&#8221;1567&#8243; img_size=&#8221;medium&#8221; alignment=&#8221;center&#8221;][\/vc_single_image][vc_empty_space height=&#8221;15px&#8221;][vc_custom_heading text=&#8221;Reflux Causes Tooth Decay&#8221; font_container=&#8221;tag:h5|text_align:center&#8221; use_theme_fonts=&#8221;yes&#8221; rs_decor_place=&#8221;2&#8243; link=&#8221;url:%2Freflu-dislerde-curumeye-neden-oluyor%2F|title:Di%C5%9Flerinizi%20F%C4%B1r%C3%A7alamadan%20%C3%96nce%20Bir%20D%C3%BC%C5%9F%C3%BCn%C3%BCn&#8221;][\/vc_custom_heading][\/vc_column_inner][vc_column_inner width=&#8221;1\/3&#8243;][vc_single_image image=&#8221;1570&#8243; img_size=&#8221;medium&#8221; alignment=&#8221;center&#8221;][\/vc_single_image][vc_empty_space height=&#8221;15px&#8221;][vc_custom_heading text=&#8221;Why Does My 5-Month Old Baby Put Everything in Her Mouth?&#8221; font_container=&#8221;tag:h5|text_align:center&#8221; use_theme_fonts=&#8221;yes&#8221; rs_decor_place=&#8221;2&#8243; link=&#8221;url:%2F5-aylik-bebegim-neden-herseyi-agzina-koyuyor%2F|title:Di%C5%9Flerinizi%20F%C4%B1r%C3%A7alamadan%20%C3%96nce%20Bir%20D%C3%BC%C5%9F%C3%BCn%C3%BCn&#8221;][\/vc_custom_heading][\/vc_column_inner][\/vc_row_inner][\/vc_column][\/vc_row]<\/p>\n","protected":false},"excerpt":{"rendered":"<p>[vc_row rsclass=&#8221;clean&#8221; el_class=&#8221;section mt-8&#8243;][vc_column rsclass=&#8221;clean&#8221; el_class=&#8221;container&#8221; rsinner=&#8221;banner-call&#8221;][vc_custom_heading text=&#8221;Videos&#8221; use_theme_fonts=&#8221;yes&#8221; rs_decor_place=&#8221;2&#8243;][\/vc_custom_heading][vc_empty_space height=&#8221;35px&#8221;][vc_row_inner][vc_column_inner width=&#8221;1\/3&#8243;][vc_single_image image=&#8221;1736&#8243; img_size=&#8221;medium&#8221; alignment=&#8221;center&#8221; onclick=&#8221;custom_link&#8221; link=&#8221;\/medya\/klinik-videolari\/&#8221;][\/vc_single_image][vc_empty_space height=&#8221;35px&#8221;][vc_custom_heading text=&#8221;Videos of Our Clinic&#8221; font_container=&#8221;tag:h5|text_align:center&#8221; use_theme_fonts=&#8221;yes&#8221; rs_decor_place=&#8221;2&#8243; link=&#8221;url:%2Fmedya%2Fklinik-videolari%2F|title:Klinik%20Videolar%C4%B1&#8243;][\/vc_custom_heading][vc_column_text] All our efforts and processes focus on making our patients&#8217; experience in Dent Suadiye pleasant. Would you like to experience our pleasant atmosphere?&#8230; [\/vc_column_text][\/vc_column_inner][vc_column_inner width=&#8221;1\/3&#8243;][vc_single_image image=&#8221;5529&#8243; img_size=&#8221;medium&#8221; alignment=&#8221;center&#8221; onclick=&#8221;custom_link&#8221; <\/p>\n<div class=\"btn-more-wrapper\"><a href=\"https:\/\/www.dentsuadiye.com\/en\/mediaroom\/\" class=\"btn btn-sm btn-hover-fill\"><svg class=\"icon icon-right-arrow\" version=\"1.1\" xmlns=\"http:\/\/www.w3.org\/2000\/svg\" width=\"32\" height=\"32\" viewBox=\"0 0 32 32\"><path d=\"M21.548 5.088c-0.436-0.451-1.162-0.451-1.613 0-0.436 0.436-0.436 1.162 0 1.596l8.177 8.177h-26.984c-0.629 0.001-1.129 0.501-1.129 1.13s0.5 1.145 1.129 1.145h26.984l-8.177 8.162c-0.436 0.451-0.436 1.178 0 1.613 0.451 0.451 1.178 0.451 1.613 0l10.113-10.113c0.451-0.436 0.451-1.162 0-1.596l-10.113-10.114z\"><\/path><\/svg>Read More<span class=\"screen-reader-text\"> &#8220;Mediaroom&#8221;<\/span><svg class=\"icon icon-right-arrow\" version=\"1.1\" xmlns=\"http:\/\/www.w3.org\/2000\/svg\" width=\"32\" height=\"32\" viewBox=\"0 0 32 32\"><path d=\"M21.548 5.088c-0.436-0.451-1.162-0.451-1.613 0-0.436 0.436-0.436 1.162 0 1.596l8.177 8.177h-26.984c-0.629 0.001-1.129 0.501-1.129 1.13s0.5 1.145 1.129 1.145h26.984l-8.177 8.162c-0.436 0.451-0.436 1.178 0 1.613 0.451 0.451 1.178 0.451 1.613 0l10.113-10.113c0.451-0.436 0.451-1.162 0-1.596l-10.113-10.114z\"><\/path><\/svg><\/a><\/div>\n","protected":false},"author":1,"featured_media":0,"parent":0,"menu_order":4,"comment_status":"closed","ping_status":"closed","template":"custompagett.php","meta":{"_themeisle_gutenberg_block_has_review":false,"_joinchat":[],"footnotes":""},"class_list":["post-3914","page","type-page","status-publish","hentry"],"yoast_head":"<!-- This site is optimized with the Yoast SEO plugin v26.4 - https:\/\/yoast.com\/wordpress\/plugins\/seo\/ -->\n<title>Dentsuadiye | Dental Clinic | Mediaroom | Istanbul | Turkey<\/title>\n<meta name=\"description\" content=\"Dental Clinic in Istanbul Expert in Dental Prosthesis, Dental Implant, Root Canal, Periodontology, Orthodontics, Oral &amp; Maxillofacial Surgery\" \/>\n<meta name=\"robots\" content=\"index, follow, max-snippet:-1, max-image-preview:large, max-video-preview:-1\" \/>\n<link rel=\"canonical\" href=\"https:\/\/www.dentsuadiye.com\/en\/mediaroom\/\" \/>\n<meta property=\"og:locale\" content=\"en_US\" \/>\n<meta property=\"og:type\" content=\"article\" \/>\n<meta property=\"og:title\" content=\"Dentsuadiye | Dental Clinic | Mediaroom | Istanbul | Turkey\" \/>\n<meta property=\"og:description\" content=\"Dental Clinic in Istanbul Expert in Dental Prosthesis, Dental Implant, Root Canal, Periodontology, Orthodontics, Oral &amp; Maxillofacial Surgery\" \/>\n<meta property=\"og:url\" content=\"https:\/\/www.dentsuadiye.com\/en\/mediaroom\/\" \/>\n<meta property=\"og:site_name\" content=\"Dentsuadiye\" \/>\n<meta property=\"article:modified_time\" content=\"2022-12-17T11:49:35+00:00\" \/>\n<meta name=\"twitter:card\" content=\"summary_large_image\" \/>\n<meta name=\"twitter:label1\" content=\"Est. reading time\" \/>\n\t<meta name=\"twitter:data1\" content=\"2 minutes\" \/>\n<script type=\"application\/ld+json\" class=\"yoast-schema-graph\">{\"@context\":\"https:\/\/schema.org\",\"@graph\":[{\"@type\":\"WebPage\",\"@id\":\"https:\/\/www.dentsuadiye.com\/en\/mediaroom\/\",\"url\":\"https:\/\/www.dentsuadiye.com\/en\/mediaroom\/\",\"name\":\"Dentsuadiye | Dental Clinic | Mediaroom | Istanbul | Turkey\",\"isPartOf\":{\"@id\":\"https:\/\/www.dentsuadiye.com\/#website\"},\"datePublished\":\"2021-06-16T15:27:07+00:00\",\"dateModified\":\"2022-12-17T11:49:35+00:00\",\"description\":\"Dental Clinic in Istanbul Expert in Dental Prosthesis, Dental Implant, Root Canal, Periodontology, Orthodontics, Oral & Maxillofacial Surgery\",\"breadcrumb\":{\"@id\":\"https:\/\/www.dentsuadiye.com\/en\/mediaroom\/#breadcrumb\"},\"inLanguage\":\"en-US\",\"potentialAction\":[{\"@type\":\"ReadAction\",\"target\":[\"https:\/\/www.dentsuadiye.com\/en\/mediaroom\/\"]}]},{\"@type\":\"BreadcrumbList\",\"@id\":\"https:\/\/www.dentsuadiye.com\/en\/mediaroom\/#breadcrumb\",\"itemListElement\":[{\"@type\":\"ListItem\",\"position\":1,\"name\":\"Anasayfa\",\"item\":\"https:\/\/www.dentsuadiye.com\/en\/\"},{\"@type\":\"ListItem\",\"position\":2,\"name\":\"Mediaroom\"}]},{\"@type\":\"WebSite\",\"@id\":\"https:\/\/www.dentsuadiye.com\/#website\",\"url\":\"https:\/\/www.dentsuadiye.com\/\",\"name\":\"Dentsuadiye\",\"description\":\"A\u011f\u0131z ve Di\u015f Sa\u011fl\u0131\u011f\u0131 Poliklini\u011fi\",\"publisher\":{\"@id\":\"https:\/\/www.dentsuadiye.com\/#organization\"},\"potentialAction\":[{\"@type\":\"SearchAction\",\"target\":{\"@type\":\"EntryPoint\",\"urlTemplate\":\"https:\/\/www.dentsuadiye.com\/?s={search_term_string}\"},\"query-input\":{\"@type\":\"PropertyValueSpecification\",\"valueRequired\":true,\"valueName\":\"search_term_string\"}}],\"inLanguage\":\"en-US\"},{\"@type\":\"Organization\",\"@id\":\"https:\/\/www.dentsuadiye.com\/#organization\",\"name\":\"Dentsuadiye\",\"url\":\"https:\/\/www.dentsuadiye.com\/\",\"logo\":{\"@type\":\"ImageObject\",\"inLanguage\":\"en-US\",\"@id\":\"https:\/\/www.dentsuadiye.com\/#\/schema\/logo\/image\/\",\"url\":\"https:\/\/www.dentsuadiye.com\/wp-content\/uploads\/2021\/05\/dent_yeni.png\",\"contentUrl\":\"https:\/\/www.dentsuadiye.com\/wp-content\/uploads\/2021\/05\/dent_yeni.png\",\"width\":225,\"height\":34,\"caption\":\"Dentsuadiye\"},\"image\":{\"@id\":\"https:\/\/www.dentsuadiye.com\/#\/schema\/logo\/image\/\"}}]}<\/script>\n<!-- \/ Yoast SEO plugin. -->","yoast_head_json":{"title":"Dentsuadiye | Dental Clinic | Mediaroom | Istanbul | Turkey","description":"Dental Clinic in Istanbul Expert in Dental Prosthesis, Dental Implant, Root Canal, Periodontology, Orthodontics, Oral & Maxillofacial Surgery","robots":{"index":"index","follow":"follow","max-snippet":"max-snippet:-1","max-image-preview":"max-image-preview:large","max-video-preview":"max-video-preview:-1"},"canonical":"https:\/\/www.dentsuadiye.com\/en\/mediaroom\/","og_locale":"en_US","og_type":"article","og_title":"Dentsuadiye | Dental Clinic | Mediaroom | Istanbul | Turkey","og_description":"Dental Clinic in Istanbul Expert in Dental Prosthesis, Dental Implant, Root Canal, Periodontology, Orthodontics, Oral & Maxillofacial Surgery","og_url":"https:\/\/www.dentsuadiye.com\/en\/mediaroom\/","og_site_name":"Dentsuadiye","article_modified_time":"2022-12-17T11:49:35+00:00","twitter_card":"summary_large_image","twitter_misc":{"Est. reading time":"2 minutes"},"schema":{"@context":"https:\/\/schema.org","@graph":[{"@type":"WebPage","@id":"https:\/\/www.dentsuadiye.com\/en\/mediaroom\/","url":"https:\/\/www.dentsuadiye.com\/en\/mediaroom\/","name":"Dentsuadiye | Dental Clinic | Mediaroom | Istanbul | Turkey","isPartOf":{"@id":"https:\/\/www.dentsuadiye.com\/#website"},"datePublished":"2021-06-16T15:27:07+00:00","dateModified":"2022-12-17T11:49:35+00:00","description":"Dental Clinic in Istanbul Expert in Dental Prosthesis, Dental Implant, Root Canal, Periodontology, Orthodontics, Oral & Maxillofacial Surgery","breadcrumb":{"@id":"https:\/\/www.dentsuadiye.com\/en\/mediaroom\/#breadcrumb"},"inLanguage":"en-US","potentialAction":[{"@type":"ReadAction","target":["https:\/\/www.dentsuadiye.com\/en\/mediaroom\/"]}]},{"@type":"BreadcrumbList","@id":"https:\/\/www.dentsuadiye.com\/en\/mediaroom\/#breadcrumb","itemListElement":[{"@type":"ListItem","position":1,"name":"Anasayfa","item":"https:\/\/www.dentsuadiye.com\/en\/"},{"@type":"ListItem","position":2,"name":"Mediaroom"}]},{"@type":"WebSite","@id":"https:\/\/www.dentsuadiye.com\/#website","url":"https:\/\/www.dentsuadiye.com\/","name":"Dentsuadiye","description":"A\u011f\u0131z ve Di\u015f Sa\u011fl\u0131\u011f\u0131 Poliklini\u011fi","publisher":{"@id":"https:\/\/www.dentsuadiye.com\/#organization"},"potentialAction":[{"@type":"SearchAction","target":{"@type":"EntryPoint","urlTemplate":"https:\/\/www.dentsuadiye.com\/?s={search_term_string}"},"query-input":{"@type":"PropertyValueSpecification","valueRequired":true,"valueName":"search_term_string"}}],"inLanguage":"en-US"},{"@type":"Organization","@id":"https:\/\/www.dentsuadiye.com\/#organization","name":"Dentsuadiye","url":"https:\/\/www.dentsuadiye.com\/","logo":{"@type":"ImageObject","inLanguage":"en-US","@id":"https:\/\/www.dentsuadiye.com\/#\/schema\/logo\/image\/","url":"https:\/\/www.dentsuadiye.com\/wp-content\/uploads\/2021\/05\/dent_yeni.png","contentUrl":"https:\/\/www.dentsuadiye.com\/wp-content\/uploads\/2021\/05\/dent_yeni.png","width":225,"height":34,"caption":"Dentsuadiye"},"image":{"@id":"https:\/\/www.dentsuadiye.com\/#\/schema\/logo\/image\/"}}]}},"_links":{"self":[{"href":"https:\/\/www.dentsuadiye.com\/en\/wp-json\/wp\/v2\/pages\/3914","targetHints":{"allow":["GET"]}}],"collection":[{"href":"https:\/\/www.dentsuadiye.com\/en\/wp-json\/wp\/v2\/pages"}],"about":[{"href":"https:\/\/www.dentsuadiye.com\/en\/wp-json\/wp\/v2\/types\/page"}],"author":[{"embeddable":true,"href":"https:\/\/www.dentsuadiye.com\/en\/wp-json\/wp\/v2\/users\/1"}],"replies":[{"embeddable":true,"href":"https:\/\/www.dentsuadiye.com\/en\/wp-json\/wp\/v2\/comments?post=3914"}],"version-history":[{"count":53,"href":"https:\/\/www.dentsuadiye.com\/en\/wp-json\/wp\/v2\/pages\/3914\/revisions"}],"predecessor-version":[{"id":5713,"href":"https:\/\/www.dentsuadiye.com\/en\/wp-json\/wp\/v2\/pages\/3914\/revisions\/5713"}],"wp:attachment":[{"href":"https:\/\/www.dentsuadiye.com\/en\/wp-json\/wp\/v2\/media?parent=3914"}],"curies":[{"name":"wp","href":"https:\/\/api.w.org\/{rel}","templated":true}]}}