{"id":3814,"date":"2021-06-13T23:47:54","date_gmt":"2021-06-13T20:47:54","guid":{"rendered":"http:\/\/dentsuadiye.com\/?page_id=3814"},"modified":"2022-02-02T21:17:01","modified_gmt":"2022-02-02T18:17:01","slug":"quicklinks-contact","status":"publish","type":"page","link":"https:\/\/www.dentsuadiye.com\/en\/quicklinks-contact\/","title":{"rendered":"QuickLinks &#8211; \u0130leti\u015fim EN"},"content":{"rendered":"<p>[vc_row rsclass=&#8221;clean&#8221;][vc_column rsclass=&#8221;clean&#8221;][vc_custom_heading text=&#8221;Contact&#8221; font_container=&#8221;tag:h5|text_align:left&#8221; use_theme_fonts=&#8221;yes&#8221; rs_decor_place=&#8221;2&#8243; el_class=&#8221;link-drop-title&#8221; rsicon=&#8221;icon-emergency-call&#8221;][\/vc_custom_heading][vc_column_text rsclass=&#8221;clean&#8221;]<\/p>\n<p class=\"tt\">You may contact us quickly through phone line, e-mail or using send message.<\/p>\n<p>[\/vc_column_text][vc_column_text rsclass=&#8221;clean&#8221;]<\/p>\n<ul class=\"icn-list\">\n<li><svg class=\"icon icon-telephone-1\" version=\"1.1\" xmlns=\"http:\/\/www.w3.org\/2000\/svg\" width=\"32\" height=\"32\" viewBox=\"0 0 32 32\"><path d=\"M23.467 19.2c-2.133 2.133-2.133 4.267-4.267 4.267s-4.267-2.133-6.4-4.267c-2.133-2.133-4.267-4.267-4.267-6.4s2.133-2.133 4.267-4.267-4.267-8.533-6.4-8.533-6.4 6.4-6.4 6.4c0 4.267 4.383 12.917 8.533 17.067s12.8 8.533 17.067 8.533c0 0 6.4-4.267 6.4-6.4s-6.4-8.533-8.533-6.4z\"><\/path><\/svg><a href=\"tel:+905432102035\"><span class=\"phone\">+90 543 210 20 35<\/span><\/a><\/li>\n<li><svg class=\"icon icon-black-envelope\" version=\"1.1\" xmlns=\"http:\/\/www.w3.org\/2000\/svg\" width=\"32\" height=\"32\" viewBox=\"0 0 32 32\"><path d=\"M2.531 6.124l11.526 9.13c0.523 0.414 1.243 0.597 1.942 0.563 0.698 0.034 1.419-0.148 1.941-0.563l11.526-9.13c0.924-0.727 0.715-1.323-0.457-1.323h-26.019c-1.173 0-1.382 0.596-0.461 1.323z\"><\/path><path d=\"M30.3 8.533l-12.596 9.563c-0.471 0.354-1.088 0.526-1.702 0.518-0.616 0.008-1.233-0.165-1.704-0.518l-12.598-9.563c-0.935-0.709-1.7-0.329-1.7 0.844v15.69c0 1.173 0.96 2.133 2.133 2.133h27.734c1.173 0 2.133-0.96 2.133-2.133v-15.69c0-1.173-0.765-1.553-1.7-0.844z\"><\/path><\/svg><a href=\"mailto:info@dentsuadiye.com\">info@dentsuadiye.com<\/a><\/li>\n<\/ul>\n<p>[\/vc_column_text][vc_column_text rsclass=&#8221;clean&#8221;]<\/p>\n<div class=\"text-right ch-btn-block\"><a class=\"btn btn-sm btn-hover-fill\" href=\"\/en\/contact\/#get-contact\">Send Message<\/a><\/div>\n<p>[\/vc_column_text][\/vc_column][\/vc_row]<\/p>\n","protected":false},"excerpt":{"rendered":"<p>[vc_row rsclass=&#8221;clean&#8221;][vc_column rsclass=&#8221;clean&#8221;][vc_custom_heading text=&#8221;Contact&#8221; font_container=&#8221;tag:h5|text_align:left&#8221; use_theme_fonts=&#8221;yes&#8221; rs_decor_place=&#8221;2&#8243; el_class=&#8221;link-drop-title&#8221; rsicon=&#8221;icon-emergency-call&#8221;][\/vc_custom_heading][vc_column_text rsclass=&#8221;clean&#8221;] You may contact us quickly through phone line, e-mail or using send message. [\/vc_column_text][vc_column_text rsclass=&#8221;clean&#8221;] +90 543 210 20 35 info@dentsuadiye.com [\/vc_column_text][vc_column_text rsclass=&#8221;clean&#8221;] Send Message [\/vc_column_text][\/vc_column][\/vc_row]<\/p>\n","protected":false},"author":1,"featured_media":0,"parent":0,"menu_order":21,"comment_status":"closed","ping_status":"closed","template":"custompagett.php","meta":{"_themeisle_gutenberg_block_has_review":false,"_joinchat":[],"footnotes":""},"class_list":["post-3814","page","type-page","status-publish","hentry"],"yoast_head":"<!-- This site is optimized with the Yoast SEO plugin v26.4 - https:\/\/yoast.com\/wordpress\/plugins\/seo\/ -->\n<title>Dentsuadiye | Dental Clinic | Contact | Istanbul | Turkey<\/title>\n<meta name=\"description\" content=\"Dental Clinic in Istanbul Expert in Dental Prosthesis, Dental Implant, Root Canal, Periodontology, Orthodontics, Oral &amp; Maxillofacial Surgery\" \/>\n<meta name=\"robots\" content=\"index, follow, max-snippet:-1, max-image-preview:large, max-video-preview:-1\" \/>\n<link rel=\"canonical\" href=\"https:\/\/www.dentsuadiye.com\/en\/quicklinks-contact\/\" \/>\n<meta property=\"og:locale\" content=\"en_US\" \/>\n<meta property=\"og:type\" content=\"article\" \/>\n<meta property=\"og:title\" content=\"Dentsuadiye | Dental Clinic | Contact | Istanbul | Turkey\" \/>\n<meta property=\"og:description\" content=\"Dental Clinic in Istanbul Expert in Dental Prosthesis, Dental Implant, Root Canal, Periodontology, Orthodontics, Oral &amp; Maxillofacial Surgery\" \/>\n<meta property=\"og:url\" content=\"https:\/\/www.dentsuadiye.com\/en\/quicklinks-contact\/\" \/>\n<meta property=\"og:site_name\" content=\"Dentsuadiye\" \/>\n<meta property=\"article:modified_time\" content=\"2022-02-02T18:17:01+00:00\" \/>\n<meta name=\"twitter:card\" content=\"summary_large_image\" \/>\n<meta name=\"twitter:label1\" content=\"Est. reading time\" \/>\n\t<meta name=\"twitter:data1\" content=\"1 minute\" \/>\n<script type=\"application\/ld+json\" class=\"yoast-schema-graph\">{\"@context\":\"https:\/\/schema.org\",\"@graph\":[{\"@type\":\"WebPage\",\"@id\":\"https:\/\/www.dentsuadiye.com\/en\/quicklinks-contact\/\",\"url\":\"https:\/\/www.dentsuadiye.com\/en\/quicklinks-contact\/\",\"name\":\"Dentsuadiye | Dental Clinic | Contact | Istanbul | Turkey\",\"isPartOf\":{\"@id\":\"https:\/\/www.dentsuadiye.com\/#website\"},\"datePublished\":\"2021-06-13T20:47:54+00:00\",\"dateModified\":\"2022-02-02T18:17:01+00:00\",\"description\":\"Dental Clinic in Istanbul Expert in Dental Prosthesis, Dental Implant, Root Canal, Periodontology, Orthodontics, Oral & Maxillofacial Surgery\",\"breadcrumb\":{\"@id\":\"https:\/\/www.dentsuadiye.com\/en\/quicklinks-contact\/#breadcrumb\"},\"inLanguage\":\"en-US\",\"potentialAction\":[{\"@type\":\"ReadAction\",\"target\":[\"https:\/\/www.dentsuadiye.com\/en\/quicklinks-contact\/\"]}]},{\"@type\":\"BreadcrumbList\",\"@id\":\"https:\/\/www.dentsuadiye.com\/en\/quicklinks-contact\/#breadcrumb\",\"itemListElement\":[{\"@type\":\"ListItem\",\"position\":1,\"name\":\"Anasayfa\",\"item\":\"https:\/\/www.dentsuadiye.com\/en\/\"},{\"@type\":\"ListItem\",\"position\":2,\"name\":\"QuickLinks &#8211; \u0130leti\u015fim EN\"}]},{\"@type\":\"WebSite\",\"@id\":\"https:\/\/www.dentsuadiye.com\/#website\",\"url\":\"https:\/\/www.dentsuadiye.com\/\",\"name\":\"Dentsuadiye\",\"description\":\"A\u011f\u0131z ve Di\u015f Sa\u011fl\u0131\u011f\u0131 Poliklini\u011fi\",\"publisher\":{\"@id\":\"https:\/\/www.dentsuadiye.com\/#organization\"},\"potentialAction\":[{\"@type\":\"SearchAction\",\"target\":{\"@type\":\"EntryPoint\",\"urlTemplate\":\"https:\/\/www.dentsuadiye.com\/?s={search_term_string}\"},\"query-input\":{\"@type\":\"PropertyValueSpecification\",\"valueRequired\":true,\"valueName\":\"search_term_string\"}}],\"inLanguage\":\"en-US\"},{\"@type\":\"Organization\",\"@id\":\"https:\/\/www.dentsuadiye.com\/#organization\",\"name\":\"Dentsuadiye\",\"url\":\"https:\/\/www.dentsuadiye.com\/\",\"logo\":{\"@type\":\"ImageObject\",\"inLanguage\":\"en-US\",\"@id\":\"https:\/\/www.dentsuadiye.com\/#\/schema\/logo\/image\/\",\"url\":\"https:\/\/www.dentsuadiye.com\/wp-content\/uploads\/2021\/05\/dent_yeni.png\",\"contentUrl\":\"https:\/\/www.dentsuadiye.com\/wp-content\/uploads\/2021\/05\/dent_yeni.png\",\"width\":225,\"height\":34,\"caption\":\"Dentsuadiye\"},\"image\":{\"@id\":\"https:\/\/www.dentsuadiye.com\/#\/schema\/logo\/image\/\"}}]}<\/script>\n<!-- \/ Yoast SEO plugin. -->","yoast_head_json":{"title":"Dentsuadiye | Dental Clinic | Contact | Istanbul | Turkey","description":"Dental Clinic in Istanbul Expert in Dental Prosthesis, Dental Implant, Root Canal, Periodontology, Orthodontics, Oral & Maxillofacial Surgery","robots":{"index":"index","follow":"follow","max-snippet":"max-snippet:-1","max-image-preview":"max-image-preview:large","max-video-preview":"max-video-preview:-1"},"canonical":"https:\/\/www.dentsuadiye.com\/en\/quicklinks-contact\/","og_locale":"en_US","og_type":"article","og_title":"Dentsuadiye | Dental Clinic | Contact | Istanbul | Turkey","og_description":"Dental Clinic in Istanbul Expert in Dental Prosthesis, Dental Implant, Root Canal, Periodontology, Orthodontics, Oral & Maxillofacial Surgery","og_url":"https:\/\/www.dentsuadiye.com\/en\/quicklinks-contact\/","og_site_name":"Dentsuadiye","article_modified_time":"2022-02-02T18:17:01+00:00","twitter_card":"summary_large_image","twitter_misc":{"Est. reading time":"1 minute"},"schema":{"@context":"https:\/\/schema.org","@graph":[{"@type":"WebPage","@id":"https:\/\/www.dentsuadiye.com\/en\/quicklinks-contact\/","url":"https:\/\/www.dentsuadiye.com\/en\/quicklinks-contact\/","name":"Dentsuadiye | Dental Clinic | Contact | Istanbul | Turkey","isPartOf":{"@id":"https:\/\/www.dentsuadiye.com\/#website"},"datePublished":"2021-06-13T20:47:54+00:00","dateModified":"2022-02-02T18:17:01+00:00","description":"Dental Clinic in Istanbul Expert in Dental Prosthesis, Dental Implant, Root Canal, Periodontology, Orthodontics, Oral & Maxillofacial Surgery","breadcrumb":{"@id":"https:\/\/www.dentsuadiye.com\/en\/quicklinks-contact\/#breadcrumb"},"inLanguage":"en-US","potentialAction":[{"@type":"ReadAction","target":["https:\/\/www.dentsuadiye.com\/en\/quicklinks-contact\/"]}]},{"@type":"BreadcrumbList","@id":"https:\/\/www.dentsuadiye.com\/en\/quicklinks-contact\/#breadcrumb","itemListElement":[{"@type":"ListItem","position":1,"name":"Anasayfa","item":"https:\/\/www.dentsuadiye.com\/en\/"},{"@type":"ListItem","position":2,"name":"QuickLinks &#8211; \u0130leti\u015fim EN"}]},{"@type":"WebSite","@id":"https:\/\/www.dentsuadiye.com\/#website","url":"https:\/\/www.dentsuadiye.com\/","name":"Dentsuadiye","description":"A\u011f\u0131z ve Di\u015f Sa\u011fl\u0131\u011f\u0131 Poliklini\u011fi","publisher":{"@id":"https:\/\/www.dentsuadiye.com\/#organization"},"potentialAction":[{"@type":"SearchAction","target":{"@type":"EntryPoint","urlTemplate":"https:\/\/www.dentsuadiye.com\/?s={search_term_string}"},"query-input":{"@type":"PropertyValueSpecification","valueRequired":true,"valueName":"search_term_string"}}],"inLanguage":"en-US"},{"@type":"Organization","@id":"https:\/\/www.dentsuadiye.com\/#organization","name":"Dentsuadiye","url":"https:\/\/www.dentsuadiye.com\/","logo":{"@type":"ImageObject","inLanguage":"en-US","@id":"https:\/\/www.dentsuadiye.com\/#\/schema\/logo\/image\/","url":"https:\/\/www.dentsuadiye.com\/wp-content\/uploads\/2021\/05\/dent_yeni.png","contentUrl":"https:\/\/www.dentsuadiye.com\/wp-content\/uploads\/2021\/05\/dent_yeni.png","width":225,"height":34,"caption":"Dentsuadiye"},"image":{"@id":"https:\/\/www.dentsuadiye.com\/#\/schema\/logo\/image\/"}}]}},"_links":{"self":[{"href":"https:\/\/www.dentsuadiye.com\/en\/wp-json\/wp\/v2\/pages\/3814","targetHints":{"allow":["GET"]}}],"collection":[{"href":"https:\/\/www.dentsuadiye.com\/en\/wp-json\/wp\/v2\/pages"}],"about":[{"href":"https:\/\/www.dentsuadiye.com\/en\/wp-json\/wp\/v2\/types\/page"}],"author":[{"embeddable":true,"href":"https:\/\/www.dentsuadiye.com\/en\/wp-json\/wp\/v2\/users\/1"}],"replies":[{"embeddable":true,"href":"https:\/\/www.dentsuadiye.com\/en\/wp-json\/wp\/v2\/comments?post=3814"}],"version-history":[{"count":7,"href":"https:\/\/www.dentsuadiye.com\/en\/wp-json\/wp\/v2\/pages\/3814\/revisions"}],"predecessor-version":[{"id":6310,"href":"https:\/\/www.dentsuadiye.com\/en\/wp-json\/wp\/v2\/pages\/3814\/revisions\/6310"}],"wp:attachment":[{"href":"https:\/\/www.dentsuadiye.com\/en\/wp-json\/wp\/v2\/media?parent=3814"}],"curies":[{"name":"wp","href":"https:\/\/api.w.org\/{rel}","templated":true}]}}