{"id":3800,"date":"2021-06-13T23:38:31","date_gmt":"2021-06-13T20:38:31","guid":{"rendered":"http:\/\/dentsuadiye.com\/?page_id=3800"},"modified":"2022-02-02T21:16:17","modified_gmt":"2022-02-02T18:16:17","slug":"whatsapp","status":"publish","type":"page","link":"https:\/\/www.dentsuadiye.com\/en\/whatsapp\/","title":{"rendered":"QuickLinks &#8211; WhatsApp EN"},"content":{"rendered":"<p>[vc_row rsclass=&#8221;clean&#8221;][vc_column rsclass=&#8221;clean&#8221;][vc_custom_heading text=&#8221;WhatsApp&#8221; font_container=&#8221;tag:h5|text_align:left&#8221; use_theme_fonts=&#8221;yes&#8221; rs_decor_place=&#8221;2&#8243; el_class=&#8221;link-drop-title&#8221; rsicon=&#8221;icon-401-whatsapp&#8221;][\/vc_custom_heading][vc_column_text rsclass=&#8221;clean&#8221;]<\/p>\n<p class=\"tt\">By clicking on the phone number you may contact us through WhatsApp<\/p>\n<p>[\/vc_column_text][vc_column_text rsclass=&#8221;clean&#8221;]<\/p>\n<ul class=\"icn-list\">\n<li><a href=\"https:\/\/api.whatsapp.com\/send?phone=+905432102035&amp;text=Merhabalar\" target=\"_blank\" rel=\"noopener\"><span class=\"phone\">+90 543 210 20 35<\/span><\/a><\/li>\n<\/ul>\n<p>[\/vc_column_text][\/vc_column][\/vc_row]<\/p>\n","protected":false},"excerpt":{"rendered":"<p>[vc_row rsclass=&#8221;clean&#8221;][vc_column rsclass=&#8221;clean&#8221;][vc_custom_heading text=&#8221;WhatsApp&#8221; font_container=&#8221;tag:h5|text_align:left&#8221; use_theme_fonts=&#8221;yes&#8221; rs_decor_place=&#8221;2&#8243; el_class=&#8221;link-drop-title&#8221; rsicon=&#8221;icon-401-whatsapp&#8221;][\/vc_custom_heading][vc_column_text rsclass=&#8221;clean&#8221;] By clicking on the phone number you may contact us through WhatsApp [\/vc_column_text][vc_column_text rsclass=&#8221;clean&#8221;] +90 543 210 20 35 [\/vc_column_text][\/vc_column][\/vc_row]<\/p>\n","protected":false},"author":1,"featured_media":0,"parent":0,"menu_order":21,"comment_status":"closed","ping_status":"closed","template":"custompagett.php","meta":{"_themeisle_gutenberg_block_has_review":false,"_joinchat":[],"footnotes":""},"class_list":["post-3800","page","type-page","status-publish","hentry"],"yoast_head":"<!-- This site is optimized with the Yoast SEO plugin v26.4 - https:\/\/yoast.com\/wordpress\/plugins\/seo\/ -->\n<title>Dentsuadiye | Dental Clinic | WhatsApp | Istanbul | Turkey<\/title>\n<meta name=\"description\" content=\"Dental Clinic in Istanbul Expert in Dental Prosthesis, Dental Implant, Root Canal, Periodontology, Orthodontics, Oral &amp; Maxillofacial Surgery\" \/>\n<meta name=\"robots\" content=\"index, follow, max-snippet:-1, max-image-preview:large, max-video-preview:-1\" \/>\n<link rel=\"canonical\" href=\"https:\/\/www.dentsuadiye.com\/en\/whatsapp\/\" \/>\n<meta property=\"og:locale\" content=\"en_US\" \/>\n<meta property=\"og:type\" content=\"article\" \/>\n<meta property=\"og:title\" content=\"Dentsuadiye | Dental Clinic | WhatsApp | Istanbul | Turkey\" \/>\n<meta property=\"og:description\" content=\"Dental Clinic in Istanbul Expert in Dental Prosthesis, Dental Implant, Root Canal, Periodontology, Orthodontics, Oral &amp; Maxillofacial Surgery\" \/>\n<meta property=\"og:url\" content=\"https:\/\/www.dentsuadiye.com\/en\/whatsapp\/\" \/>\n<meta property=\"og:site_name\" content=\"Dentsuadiye\" \/>\n<meta property=\"article:modified_time\" content=\"2022-02-02T18:16:17+00:00\" \/>\n<meta name=\"twitter:card\" content=\"summary_large_image\" \/>\n<meta name=\"twitter:label1\" content=\"Est. reading time\" \/>\n\t<meta name=\"twitter:data1\" content=\"1 minute\" \/>\n<script type=\"application\/ld+json\" class=\"yoast-schema-graph\">{\"@context\":\"https:\/\/schema.org\",\"@graph\":[{\"@type\":\"WebPage\",\"@id\":\"https:\/\/www.dentsuadiye.com\/en\/whatsapp\/\",\"url\":\"https:\/\/www.dentsuadiye.com\/en\/whatsapp\/\",\"name\":\"Dentsuadiye | Dental Clinic | WhatsApp | Istanbul | Turkey\",\"isPartOf\":{\"@id\":\"https:\/\/www.dentsuadiye.com\/#website\"},\"datePublished\":\"2021-06-13T20:38:31+00:00\",\"dateModified\":\"2022-02-02T18:16:17+00:00\",\"description\":\"Dental Clinic in Istanbul Expert in Dental Prosthesis, Dental Implant, Root Canal, Periodontology, Orthodontics, Oral & Maxillofacial Surgery\",\"breadcrumb\":{\"@id\":\"https:\/\/www.dentsuadiye.com\/en\/whatsapp\/#breadcrumb\"},\"inLanguage\":\"en-US\",\"potentialAction\":[{\"@type\":\"ReadAction\",\"target\":[\"https:\/\/www.dentsuadiye.com\/en\/whatsapp\/\"]}]},{\"@type\":\"BreadcrumbList\",\"@id\":\"https:\/\/www.dentsuadiye.com\/en\/whatsapp\/#breadcrumb\",\"itemListElement\":[{\"@type\":\"ListItem\",\"position\":1,\"name\":\"Anasayfa\",\"item\":\"https:\/\/www.dentsuadiye.com\/en\/\"},{\"@type\":\"ListItem\",\"position\":2,\"name\":\"QuickLinks &#8211; WhatsApp EN\"}]},{\"@type\":\"WebSite\",\"@id\":\"https:\/\/www.dentsuadiye.com\/#website\",\"url\":\"https:\/\/www.dentsuadiye.com\/\",\"name\":\"Dentsuadiye\",\"description\":\"A\u011f\u0131z ve Di\u015f Sa\u011fl\u0131\u011f\u0131 Poliklini\u011fi\",\"publisher\":{\"@id\":\"https:\/\/www.dentsuadiye.com\/#organization\"},\"potentialAction\":[{\"@type\":\"SearchAction\",\"target\":{\"@type\":\"EntryPoint\",\"urlTemplate\":\"https:\/\/www.dentsuadiye.com\/?s={search_term_string}\"},\"query-input\":{\"@type\":\"PropertyValueSpecification\",\"valueRequired\":true,\"valueName\":\"search_term_string\"}}],\"inLanguage\":\"en-US\"},{\"@type\":\"Organization\",\"@id\":\"https:\/\/www.dentsuadiye.com\/#organization\",\"name\":\"Dentsuadiye\",\"url\":\"https:\/\/www.dentsuadiye.com\/\",\"logo\":{\"@type\":\"ImageObject\",\"inLanguage\":\"en-US\",\"@id\":\"https:\/\/www.dentsuadiye.com\/#\/schema\/logo\/image\/\",\"url\":\"https:\/\/www.dentsuadiye.com\/wp-content\/uploads\/2021\/05\/dent_yeni.png\",\"contentUrl\":\"https:\/\/www.dentsuadiye.com\/wp-content\/uploads\/2021\/05\/dent_yeni.png\",\"width\":225,\"height\":34,\"caption\":\"Dentsuadiye\"},\"image\":{\"@id\":\"https:\/\/www.dentsuadiye.com\/#\/schema\/logo\/image\/\"}}]}<\/script>\n<!-- \/ Yoast SEO plugin. -->","yoast_head_json":{"title":"Dentsuadiye | Dental Clinic | WhatsApp | Istanbul | Turkey","description":"Dental Clinic in Istanbul Expert in Dental Prosthesis, Dental Implant, Root Canal, Periodontology, Orthodontics, Oral & Maxillofacial Surgery","robots":{"index":"index","follow":"follow","max-snippet":"max-snippet:-1","max-image-preview":"max-image-preview:large","max-video-preview":"max-video-preview:-1"},"canonical":"https:\/\/www.dentsuadiye.com\/en\/whatsapp\/","og_locale":"en_US","og_type":"article","og_title":"Dentsuadiye | Dental Clinic | WhatsApp | Istanbul | Turkey","og_description":"Dental Clinic in Istanbul Expert in Dental Prosthesis, Dental Implant, Root Canal, Periodontology, Orthodontics, Oral & Maxillofacial Surgery","og_url":"https:\/\/www.dentsuadiye.com\/en\/whatsapp\/","og_site_name":"Dentsuadiye","article_modified_time":"2022-02-02T18:16:17+00:00","twitter_card":"summary_large_image","twitter_misc":{"Est. reading time":"1 minute"},"schema":{"@context":"https:\/\/schema.org","@graph":[{"@type":"WebPage","@id":"https:\/\/www.dentsuadiye.com\/en\/whatsapp\/","url":"https:\/\/www.dentsuadiye.com\/en\/whatsapp\/","name":"Dentsuadiye | Dental Clinic | WhatsApp | Istanbul | Turkey","isPartOf":{"@id":"https:\/\/www.dentsuadiye.com\/#website"},"datePublished":"2021-06-13T20:38:31+00:00","dateModified":"2022-02-02T18:16:17+00:00","description":"Dental Clinic in Istanbul Expert in Dental Prosthesis, Dental Implant, Root Canal, Periodontology, Orthodontics, Oral & Maxillofacial Surgery","breadcrumb":{"@id":"https:\/\/www.dentsuadiye.com\/en\/whatsapp\/#breadcrumb"},"inLanguage":"en-US","potentialAction":[{"@type":"ReadAction","target":["https:\/\/www.dentsuadiye.com\/en\/whatsapp\/"]}]},{"@type":"BreadcrumbList","@id":"https:\/\/www.dentsuadiye.com\/en\/whatsapp\/#breadcrumb","itemListElement":[{"@type":"ListItem","position":1,"name":"Anasayfa","item":"https:\/\/www.dentsuadiye.com\/en\/"},{"@type":"ListItem","position":2,"name":"QuickLinks &#8211; WhatsApp EN"}]},{"@type":"WebSite","@id":"https:\/\/www.dentsuadiye.com\/#website","url":"https:\/\/www.dentsuadiye.com\/","name":"Dentsuadiye","description":"A\u011f\u0131z ve Di\u015f Sa\u011fl\u0131\u011f\u0131 Poliklini\u011fi","publisher":{"@id":"https:\/\/www.dentsuadiye.com\/#organization"},"potentialAction":[{"@type":"SearchAction","target":{"@type":"EntryPoint","urlTemplate":"https:\/\/www.dentsuadiye.com\/?s={search_term_string}"},"query-input":{"@type":"PropertyValueSpecification","valueRequired":true,"valueName":"search_term_string"}}],"inLanguage":"en-US"},{"@type":"Organization","@id":"https:\/\/www.dentsuadiye.com\/#organization","name":"Dentsuadiye","url":"https:\/\/www.dentsuadiye.com\/","logo":{"@type":"ImageObject","inLanguage":"en-US","@id":"https:\/\/www.dentsuadiye.com\/#\/schema\/logo\/image\/","url":"https:\/\/www.dentsuadiye.com\/wp-content\/uploads\/2021\/05\/dent_yeni.png","contentUrl":"https:\/\/www.dentsuadiye.com\/wp-content\/uploads\/2021\/05\/dent_yeni.png","width":225,"height":34,"caption":"Dentsuadiye"},"image":{"@id":"https:\/\/www.dentsuadiye.com\/#\/schema\/logo\/image\/"}}]}},"_links":{"self":[{"href":"https:\/\/www.dentsuadiye.com\/en\/wp-json\/wp\/v2\/pages\/3800","targetHints":{"allow":["GET"]}}],"collection":[{"href":"https:\/\/www.dentsuadiye.com\/en\/wp-json\/wp\/v2\/pages"}],"about":[{"href":"https:\/\/www.dentsuadiye.com\/en\/wp-json\/wp\/v2\/types\/page"}],"author":[{"embeddable":true,"href":"https:\/\/www.dentsuadiye.com\/en\/wp-json\/wp\/v2\/users\/1"}],"replies":[{"embeddable":true,"href":"https:\/\/www.dentsuadiye.com\/en\/wp-json\/wp\/v2\/comments?post=3800"}],"version-history":[{"count":3,"href":"https:\/\/www.dentsuadiye.com\/en\/wp-json\/wp\/v2\/pages\/3800\/revisions"}],"predecessor-version":[{"id":6309,"href":"https:\/\/www.dentsuadiye.com\/en\/wp-json\/wp\/v2\/pages\/3800\/revisions\/6309"}],"wp:attachment":[{"href":"https:\/\/www.dentsuadiye.com\/en\/wp-json\/wp\/v2\/media?parent=3800"}],"curies":[{"name":"wp","href":"https:\/\/api.w.org\/{rel}","templated":true}]}}